
{"id":1106,"date":"2025-04-11T10:07:54","date_gmt":"2025-04-11T02:07:54","guid":{"rendered":"https:https:\/\/www.rippa-machinery.com\/\/?post_type=product&#038;p=1106"},"modified":"2025-05-11T14:23:29","modified_gmt":"2025-05-11T06:23:29","slug":"r555-rough-terrain-forklift","status":"publish","type":"product","link":"http:\/\/rippa-machinery.com\/es\/product\/r555-rough-terrain-forklift\/","title":{"rendered":"Carretilla elevadora todoterreno R555"},"content":{"rendered":"<p>La carretilla elevadora todoterreno R555 es conocida por su excelente rendimiento fuera de la carretera. Puede hacer frente f\u00e1cilmente a terrenos fangosos, escabrosos y otros terrenos complejos, asegurando operaciones ilimitadas. Su sistema de potencia potente y dise\u00f1o de carrocer\u00eda estable tienen una fuerte capacidad de carga y alta eficiencia de operaci\u00f3n. Al mismo tiempo, la carretilla elevadora todo terreno tiene una operabilidad flexible y rendimiento de control preciso para cumplir con diferentes necesidades de operaci\u00f3n. Durable, confiable, f\u00e1cil de mantener, y de costos de uso reducidos, la carretilla elevadora todo terreno R555 es una elecci\u00f3n ideal para mejorar la eficiencia de operaci\u00f3n, expandir el alcance de operaci\u00f3n, y asegurar la seguridad de operaci\u00f3n.<\/p>\n<p><strong>Contrataci\u00f3n de agentes en todo el mundo:<\/strong><br \/>\nODM, OEM, personalizable<br \/>\nPrecios reducidos para pedidos al por mayor.<br \/>\nLos fabricantes disponen de existencias y realizan entregas r\u00e1pidas.<br \/>\nEl personal de atenci\u00f3n al cliente est\u00e1 en l\u00ednea 24 horas al d\u00eda para prestar servicios.<br \/>\nRellene los datos, obtenga un presupuesto y convi\u00e9rtase en nuestro agente.<\/p>\n<p><img decoding=\"async\" class=\"img-fluid\" src=\"https:\/\/www.rippa.com\/wp-content\/uploads\/2025\/01\/%E6%9C%AA%E6%A0%87%E9%A2%98-5.jpg\" alt=\"Chinese Mini Excavator-Loader-Rippa Forklift-Rippa Group\" \/><\/p>","protected":false},"featured_media":1293,"parent":0,"template":"","meta":{"_acf_changed":false,"_seopress_robots_primary_cat":"none","_seopress_titles_title":"","_seopress_titles_desc":"","_seopress_robots_index":""},"categoryproduct":[22],"class_list":["post-1106","product","type-product","status-publish","has-post-thumbnail","hentry","categoryproduct-rippa-forklift"],"acf":[],"_links":{"self":[{"href":"http:\/\/rippa-machinery.com\/es\/wp-json\/wp\/v2\/product\/1106","targetHints":{"allow":["GET"]}}],"collection":[{"href":"http:\/\/rippa-machinery.com\/es\/wp-json\/wp\/v2\/product"}],"about":[{"href":"http:\/\/rippa-machinery.com\/es\/wp-json\/wp\/v2\/types\/product"}],"wp:featuredmedia":[{"embeddable":true,"href":"http:\/\/rippa-machinery.com\/es\/wp-json\/wp\/v2\/media\/1293"}],"wp:attachment":[{"href":"http:\/\/rippa-machinery.com\/es\/wp-json\/wp\/v2\/media?parent=1106"}],"wp:term":[{"taxonomy":"categoryproduct","embeddable":true,"href":"http:\/\/rippa-machinery.com\/es\/wp-json\/wp\/v2\/categoryproduct?post=1106"}],"curies":[{"name":"wp","href":"https:\/\/api.w.org\/{rel}","templated":true}]}}