
{"id":1095,"date":"2025-04-11T10:04:21","date_gmt":"2025-04-11T02:04:21","guid":{"rendered":"https:https:\/\/www.rippa-machinery.com\/\/?post_type=product&#038;p=1095"},"modified":"2025-05-11T14:23:54","modified_gmt":"2025-05-11T06:23:54","slug":"r530b-dual-fuel-forklift","status":"publish","type":"product","link":"http:\/\/rippa-machinery.com\/es\/product\/r530b-dual-fuel-forklift\/","title":{"rendered":"R530B Carretilla elevadora de doble combustible"},"content":{"rendered":"<p><img loading=\"lazy\" decoding=\"async\" class=\"alignnone size-full wp-image-1709\" src=\"https:\/\/www.rippa.com\/wp-content\/uploads\/2024\/09\/EPA-4.jpg\" sizes=\"auto, (max-width: 56px) 100vw, 56px\" srcset=\"https:\/\/www.rippa.com\/wp-content\/uploads\/2024\/09\/EPA-4.jpg 56w, https:\/\/www.rippa.com\/wp-content\/uploads\/2024\/09\/EPA-4-18x9.jpg 18w\" alt=\"\" width=\"56\" height=\"29\" \/><\/p>\n<p>La carretilla elevadora de propano R530B se ha convertido en un producto de carretilla elevadora popular en el mercado con su alto rendimiento, alta precisi\u00f3n, sistema de potencia confiable, experiencia de operaci\u00f3n c\u00f3moda, versatilidad y seguridad, dise\u00f1o resistente y duradero y servicio post-venta de alta calidad. Es muy adecuada para el comercio de exportaci\u00f3n.<\/p>\n<p><strong>Contrataci\u00f3n de agentes en todo el mundo:<\/strong><br \/>\nODM, OEM, personalizable<br \/>\nPrecios reducidos para pedidos al por mayor.<br \/>\nLos fabricantes disponen de existencias y realizan entregas r\u00e1pidas.<br \/>\nEl personal de atenci\u00f3n al cliente est\u00e1 en l\u00ednea 24 horas al d\u00eda para prestar servicios.<br \/>\nRellene los datos, obtenga un presupuesto y convi\u00e9rtase en nuestro agente.<\/p>\n<p><img decoding=\"async\" class=\"img-fluid\" src=\"https:\/\/www.rippa.com\/wp-content\/uploads\/2025\/01\/%E6%9C%AA%E6%A0%87%E9%A2%98-5.jpg\" alt=\"Chinese Mini Excavator-Loader-Rippa Forklift-Rippa Group\" \/><\/p>","protected":false},"featured_media":1283,"parent":0,"template":"","meta":{"_acf_changed":false,"_seopress_robots_primary_cat":"none","_seopress_titles_title":"","_seopress_titles_desc":"","_seopress_robots_index":""},"categoryproduct":[22],"class_list":["post-1095","product","type-product","status-publish","has-post-thumbnail","hentry","categoryproduct-rippa-forklift"],"acf":[],"_links":{"self":[{"href":"http:\/\/rippa-machinery.com\/es\/wp-json\/wp\/v2\/product\/1095","targetHints":{"allow":["GET"]}}],"collection":[{"href":"http:\/\/rippa-machinery.com\/es\/wp-json\/wp\/v2\/product"}],"about":[{"href":"http:\/\/rippa-machinery.com\/es\/wp-json\/wp\/v2\/types\/product"}],"wp:featuredmedia":[{"embeddable":true,"href":"http:\/\/rippa-machinery.com\/es\/wp-json\/wp\/v2\/media\/1283"}],"wp:attachment":[{"href":"http:\/\/rippa-machinery.com\/es\/wp-json\/wp\/v2\/media?parent=1095"}],"wp:term":[{"taxonomy":"categoryproduct","embeddable":true,"href":"http:\/\/rippa-machinery.com\/es\/wp-json\/wp\/v2\/categoryproduct?post=1095"}],"curies":[{"name":"wp","href":"https:\/\/api.w.org\/{rel}","templated":true}]}}