
{"id":1073,"date":"2025-05-11T09:55:49","date_gmt":"2025-05-11T01:55:49","guid":{"rendered":"https:https:\/\/www.rippa-machinery.com\/\/?post_type=product&#038;p=1073"},"modified":"2025-05-11T14:14:34","modified_gmt":"2025-05-11T06:14:34","slug":"rf50-diesel-forklift","status":"publish","type":"product","link":"http:\/\/rippa-machinery.com\/es\/product\/rf50-diesel-forklift\/","title":{"rendered":"Carretilla elevadora diesel RF50"},"content":{"rendered":"<p>Las ventajas de la carretilla elevadora diesel RF50 en t\u00e9rminos de rendimiento, calidad, versatilidad, comodidad del operador, eficiencia operativa y fuerza del fabricante ayudar\u00e1n a atraer a clientes extranjeros y promover el comercio de exportaci\u00f3n.<\/p>\n<p><strong>Contrataci\u00f3n de agentes en todo el mundo:<\/strong><br \/>\nODM, OEM, personalizable<br \/>\nPrecios reducidos para pedidos al por mayor.<br \/>\nLos fabricantes disponen de existencias y realizan entregas r\u00e1pidas.<br \/>\nEl personal de atenci\u00f3n al cliente est\u00e1 en l\u00ednea 24 horas al d\u00eda para prestar servicios.<br \/>\nRellene los datos, obtenga un presupuesto y convi\u00e9rtase en nuestro agente.<\/p>\n<p><img decoding=\"async\" class=\"img-fluid\" src=\"https:\/\/www.rippa.com\/wp-content\/uploads\/2025\/01\/%E6%9C%AA%E6%A0%87%E9%A2%98-5.jpg\" alt=\"Chinese Mini Excavator-Loader-Rippa Forklift-Rippa Group\" \/><\/p>","protected":false},"featured_media":1281,"parent":0,"template":"","meta":{"_acf_changed":false,"_seopress_robots_primary_cat":"none","_seopress_titles_title":"","_seopress_titles_desc":"","_seopress_robots_index":""},"categoryproduct":[22],"class_list":["post-1073","product","type-product","status-publish","has-post-thumbnail","hentry","categoryproduct-rippa-forklift"],"acf":[],"_links":{"self":[{"href":"http:\/\/rippa-machinery.com\/es\/wp-json\/wp\/v2\/product\/1073","targetHints":{"allow":["GET"]}}],"collection":[{"href":"http:\/\/rippa-machinery.com\/es\/wp-json\/wp\/v2\/product"}],"about":[{"href":"http:\/\/rippa-machinery.com\/es\/wp-json\/wp\/v2\/types\/product"}],"wp:featuredmedia":[{"embeddable":true,"href":"http:\/\/rippa-machinery.com\/es\/wp-json\/wp\/v2\/media\/1281"}],"wp:attachment":[{"href":"http:\/\/rippa-machinery.com\/es\/wp-json\/wp\/v2\/media?parent=1073"}],"wp:term":[{"taxonomy":"categoryproduct","embeddable":true,"href":"http:\/\/rippa-machinery.com\/es\/wp-json\/wp\/v2\/categoryproduct?post=1073"}],"curies":[{"name":"wp","href":"https:\/\/api.w.org\/{rel}","templated":true}]}}