
{"id":1055,"date":"2025-05-11T09:43:14","date_gmt":"2025-05-11T01:43:14","guid":{"rendered":"https:https:\/\/www.rippa-machinery.com\/\/?post_type=product&#038;p=1055"},"modified":"2025-05-11T14:09:48","modified_gmt":"2025-05-11T06:09:48","slug":"electric-forklift-rf20e","status":"publish","type":"product","link":"http:\/\/rippa-machinery.com\/es\/product\/electric-forklift-rf20e\/","title":{"rendered":"Carretilla elevadora el\u00e9ctrica RF20E"},"content":{"rendered":"<h1 class=\"pro-title\"><\/h1>\n<p>El sistema totalmente de CA utiliza motores de CA avanzados y un motor hidr\u00e1ulico de CA para lograr un alto rendimiento a un bajo coste. Los motores de CA no requieren que se inspeccionen o sustituyan las escobillas del motor ni los recipientes, lo que reduce en gran medida los costes de mantenimiento rutinario. Los motores de CA tambi\u00e9n proporcionan una alta eficiencia operativa, una larga vida \u00fatil y un mayor tiempo de funcionamiento en comparaci\u00f3n con los motores de CC tradicionales. Las caracter\u00edsticas de ahorro de energ\u00eda de la carretilla aumentan la capacidad de la carretilla para funcionar durante m\u00e1s tiempo sin reducir la productividad o el rendimiento.<\/p>\n<p><strong>Contrataci\u00f3n de agentes en todo el mundo:<\/strong><br \/>\nODM, OEM, personalizable<br \/>\nPrecios reducidos para pedidos al por mayor.<br \/>\nLos fabricantes disponen de existencias y realizan entregas r\u00e1pidas.<br \/>\nEl personal de atenci\u00f3n al cliente est\u00e1 en l\u00ednea 24 horas al d\u00eda para prestar servicios.<br \/>\nRellene los datos, obtenga un presupuesto y convi\u00e9rtase en nuestro agente.<\/p>\n<p><img decoding=\"async\" class=\"img-fluid\" src=\"https:\/\/www.rippa.com\/wp-content\/uploads\/2025\/01\/%E6%9C%AA%E6%A0%87%E9%A2%98-5.jpg\" alt=\"Chinese Mini Excavator-Loader-Rippa Forklift-Rippa Group\" \/><\/p>","protected":false},"featured_media":1270,"parent":0,"template":"","meta":{"_acf_changed":false,"_seopress_robots_primary_cat":"none","_seopress_titles_title":"","_seopress_titles_desc":"","_seopress_robots_index":""},"categoryproduct":[22],"class_list":["post-1055","product","type-product","status-publish","has-post-thumbnail","hentry","categoryproduct-rippa-forklift"],"acf":[],"_links":{"self":[{"href":"http:\/\/rippa-machinery.com\/es\/wp-json\/wp\/v2\/product\/1055","targetHints":{"allow":["GET"]}}],"collection":[{"href":"http:\/\/rippa-machinery.com\/es\/wp-json\/wp\/v2\/product"}],"about":[{"href":"http:\/\/rippa-machinery.com\/es\/wp-json\/wp\/v2\/types\/product"}],"wp:featuredmedia":[{"embeddable":true,"href":"http:\/\/rippa-machinery.com\/es\/wp-json\/wp\/v2\/media\/1270"}],"wp:attachment":[{"href":"http:\/\/rippa-machinery.com\/es\/wp-json\/wp\/v2\/media?parent=1055"}],"wp:term":[{"taxonomy":"categoryproduct","embeddable":true,"href":"http:\/\/rippa-machinery.com\/es\/wp-json\/wp\/v2\/categoryproduct?post=1055"}],"curies":[{"name":"wp","href":"https:\/\/api.w.org\/{rel}","templated":true}]}}