
{"id":1030,"date":"2025-05-11T14:28:58","date_gmt":"2025-05-11T06:28:58","guid":{"rendered":"https:https:\/\/www.rippa-machinery.com\/\/?post_type=product&#038;p=1030"},"modified":"2025-05-11T14:49:28","modified_gmt":"2025-05-11T06:49:28","slug":"electric-forklift-rf30e","status":"publish","type":"product","link":"http:\/\/rippa-machinery.com\/es\/product\/electric-forklift-rf30e\/","title":{"rendered":"Carretilla elevadora el\u00e9ctrica RF30E"},"content":{"rendered":"<div class=\"row\">\n<div class=\"col-12 col-md-6 col-lg-6\">\n<div class=\"pro-title-box wow fadeInDownBig animated magictime animated animated\">\n<p>El sistema totalmente de CA utiliza avanzados motores de accionamiento de CA y motores hidr\u00e1ulicos de CA para lograr un alto rendimiento a un bajo coste. Los motores de CA no requieren que se inspeccionen o sustituyan las escobillas del motor o los contenedores, lo que reduce en gran medida los costes de mantenimiento rutinario, los motores de CA tambi\u00e9n proporcionan una alta eficiencia operativa, una larga vida \u00fatil y un mayor tiempo de funcionamiento en comparaci\u00f3n con los motores de CC tradicionales. Las caracter\u00edsticas de ahorro de energ\u00eda de la carretilla aumentan la capacidad de la carretilla para funcionar durante m\u00e1s tiempo sin reducir la productividad o el rendimiento.<\/p>\n<p><strong>Contrataci\u00f3n de agentes en todo el mundo:<\/strong><br \/>\nODM, OEM, personalizable<br \/>\nPrecios reducidos para pedidos al por mayor.<br \/>\nLos fabricantes disponen de existencias y realizan entregas r\u00e1pidas.<br \/>\nEl personal de atenci\u00f3n al cliente est\u00e1 en l\u00ednea 24 horas al d\u00eda para prestar servicios.<br \/>\nRellene los datos, obtenga un presupuesto y convi\u00e9rtase en nuestro agente.<\/p>\n<p><img decoding=\"async\" class=\"img-fluid\" src=\"https:\/\/www.rippa.com\/wp-content\/uploads\/2025\/01\/%E6%9C%AA%E6%A0%87%E9%A2%98-5.jpg\" alt=\"Chinese Mini Excavator-Loader-Rippa Forklift-Rippa Group\" \/><\/p>\n<\/div>\n<\/div>\n<\/div>\n<div class=\"product-parameters wow fadeInUp animated magictime animated animated\">\n<ul>\n<li class=\"myVideo\" data-bs-target=\"#exampleModalToggle\" data-bs-toggle=\"modal\">V\u00eddeo de demostraci\u00f3n<\/li>\n<\/ul>\n<\/div>","protected":false},"featured_media":1276,"parent":0,"template":"","meta":{"_acf_changed":false,"_seopress_robots_primary_cat":"none","_seopress_titles_title":"","_seopress_titles_desc":"","_seopress_robots_index":""},"categoryproduct":[22],"class_list":["post-1030","product","type-product","status-publish","has-post-thumbnail","hentry","categoryproduct-rippa-forklift"],"acf":[],"_links":{"self":[{"href":"http:\/\/rippa-machinery.com\/es\/wp-json\/wp\/v2\/product\/1030","targetHints":{"allow":["GET"]}}],"collection":[{"href":"http:\/\/rippa-machinery.com\/es\/wp-json\/wp\/v2\/product"}],"about":[{"href":"http:\/\/rippa-machinery.com\/es\/wp-json\/wp\/v2\/types\/product"}],"wp:featuredmedia":[{"embeddable":true,"href":"http:\/\/rippa-machinery.com\/es\/wp-json\/wp\/v2\/media\/1276"}],"wp:attachment":[{"href":"http:\/\/rippa-machinery.com\/es\/wp-json\/wp\/v2\/media?parent=1030"}],"wp:term":[{"taxonomy":"categoryproduct","embeddable":true,"href":"http:\/\/rippa-machinery.com\/es\/wp-json\/wp\/v2\/categoryproduct?post=1030"}],"curies":[{"name":"wp","href":"https:\/\/api.w.org\/{rel}","templated":true}]}}