
{"id":1546,"date":"2025-12-19T09:41:00","date_gmt":"2025-12-19T01:41:00","guid":{"rendered":"https:\/\/www.rippa-machinery.com\/?page_id=1546"},"modified":"2025-12-19T09:44:01","modified_gmt":"2025-12-19T01:44:01","slug":"about-us","status":"publish","type":"page","link":"http:\/\/rippa-machinery.com\/es\/about-us\/","title":{"rendered":"Qui\u00e9nes somos"},"content":{"rendered":"<p>Shandong Rippa Machinery Group Co., Ltd. est\u00e1 situada en el Sexto Parque Industrial, Zona de alta tecnolog\u00eda de Jining, provincia de Shandong. Es una empresa de alta tecnolog\u00eda de nivel estatal con derecho a importar y exportar;La planta cubre un \u00e1rea de 100000 metros cuadrados. Cuenta con 11 filiales, cada una de ellas con contabilidad independiente.<\/p>\n<p>Cuenta con 209 empleados, de los cuales 50 son ingenieros y t\u00e9cnicos profesionales, 8 ingenieros superiores y 30 t\u00e9cnicos superiores. La empresa cuenta con la certificaci\u00f3n del sistema de gesti\u00f3n de calidad ISO: 9001, la certificaci\u00f3n de calidad CE de la UE, la certificaci\u00f3n de emisiones Euro 5, la certificaci\u00f3n de emisiones EPA y el certificado australiano de vuelco de cabina;Los productos de la empresa se venden bien en los mercados nacionales y extranjeros. Ha establecido puntos de servicio en muchas provincias y regiones de China para ofrecer un servicio postventa puerta a puerta.<\/p>","protected":false},"excerpt":{"rendered":"<p>Shandong Rippa Machinery Group Co., Ltd. is located in the Sixth Industrial Park, Jining high tech Zone, Shandong Province. It is a state-level high-tech enterprise with the right to import and export;The plant covers an area of 100000 square meters. It has 11 subsidiaries, each of which has independent accounting. There are 209 employees, including [&hellip;]<\/p>","protected":false},"author":1,"featured_media":347,"parent":0,"menu_order":0,"comment_status":"closed","ping_status":"closed","template":"about.php","meta":{"_acf_changed":false,"_seopress_robots_primary_cat":"","_seopress_titles_title":"","_seopress_titles_desc":"","_seopress_robots_index":"","footnotes":""},"class_list":["post-1546","page","type-page","status-publish","has-post-thumbnail","hentry"],"acf":[],"_links":{"self":[{"href":"http:\/\/rippa-machinery.com\/es\/wp-json\/wp\/v2\/pages\/1546","targetHints":{"allow":["GET"]}}],"collection":[{"href":"http:\/\/rippa-machinery.com\/es\/wp-json\/wp\/v2\/pages"}],"about":[{"href":"http:\/\/rippa-machinery.com\/es\/wp-json\/wp\/v2\/types\/page"}],"author":[{"embeddable":true,"href":"http:\/\/rippa-machinery.com\/es\/wp-json\/wp\/v2\/users\/1"}],"replies":[{"embeddable":true,"href":"http:\/\/rippa-machinery.com\/es\/wp-json\/wp\/v2\/comments?post=1546"}],"version-history":[{"count":3,"href":"http:\/\/rippa-machinery.com\/es\/wp-json\/wp\/v2\/pages\/1546\/revisions"}],"predecessor-version":[{"id":1554,"href":"http:\/\/rippa-machinery.com\/es\/wp-json\/wp\/v2\/pages\/1546\/revisions\/1554"}],"wp:featuredmedia":[{"embeddable":true,"href":"http:\/\/rippa-machinery.com\/es\/wp-json\/wp\/v2\/media\/347"}],"wp:attachment":[{"href":"http:\/\/rippa-machinery.com\/es\/wp-json\/wp\/v2\/media?parent=1546"}],"curies":[{"name":"wp","href":"https:\/\/api.w.org\/{rel}","templated":true}]}}