
{"id":952,"date":"2025-05-08T10:22:52","date_gmt":"2025-05-08T02:22:52","guid":{"rendered":"https:https:\/\/www.rippa-machinery.com\/\/?post_type=product&#038;p=952"},"modified":"2025-05-11T14:37:55","modified_gmt":"2025-05-11T06:37:55","slug":"r60-small-excavator","status":"publish","type":"product","link":"http:\/\/rippa-machinery.com\/de\/product\/r60-small-excavator\/","title":{"rendered":"R60 Kleinbagger"},"content":{"rendered":"<p><img loading=\"lazy\" decoding=\"async\" class=\"alignnone size-full wp-image-391\" src=\"https:\/\/www.rippa-machinery.com\/\/wp-content\/uploads\/2024\/10\/CE.jpg\" alt=\"\" width=\"56\" height=\"29\" \/><img loading=\"lazy\" decoding=\"async\" class=\"alignnone size-full wp-image-392\" src=\"https:\/\/www.rippa-machinery.com\/\/wp-content\/uploads\/2024\/10\/EPA-4.jpg\" alt=\"\" width=\"56\" height=\"29\" \/><img loading=\"lazy\" decoding=\"async\" class=\"alignnone size-full wp-image-393\" src=\"https:\/\/www.rippa-machinery.com\/\/wp-content\/uploads\/2024\/10\/\u6b27\u4e94.jpg\" alt=\"\" width=\"56\" height=\"29\" \/><\/p>\n<p>Der Kleinbagger R60 hat Vorteile in Bezug auf Leistung, Komfort, Wirtschaftlichkeit, Bequemlichkeit, Kundendienst usw. und kann die unterschiedlichen Anforderungen der Kunden auf dem internationalen Markt erf\u00fcllen.<\/p>\n<p><strong>Rekrutierung globaler Agenten:<\/strong><br \/>\nODM, OEM, Gro\u00dfhandel<br \/>\nBestellungen k\u00f6nnen zu erm\u00e4\u00dfigten Preisen erfolgen.<br \/>\nDer Hersteller hat Lagerbest\u00e4nde und liefert schnell.<br \/>\nDie Mitarbeiter des Kundendienstes bieten 24 Stunden am Tag Online-Dienste an.<br \/>\nF\u00fcllen Sie die Informationen aus, holen Sie ein Angebot ein und werden Sie unser Agent!<\/p>","protected":false},"featured_media":955,"parent":0,"template":"","meta":{"_acf_changed":false,"_seopress_robots_primary_cat":"none","_seopress_titles_title":"","_seopress_titles_desc":"","_seopress_robots_index":""},"categoryproduct":[21],"class_list":["post-952","product","type-product","status-publish","has-post-thumbnail","hentry","categoryproduct-large-excavator"],"acf":[],"_links":{"self":[{"href":"http:\/\/rippa-machinery.com\/de\/wp-json\/wp\/v2\/product\/952","targetHints":{"allow":["GET"]}}],"collection":[{"href":"http:\/\/rippa-machinery.com\/de\/wp-json\/wp\/v2\/product"}],"about":[{"href":"http:\/\/rippa-machinery.com\/de\/wp-json\/wp\/v2\/types\/product"}],"wp:featuredmedia":[{"embeddable":true,"href":"http:\/\/rippa-machinery.com\/de\/wp-json\/wp\/v2\/media\/955"}],"wp:attachment":[{"href":"http:\/\/rippa-machinery.com\/de\/wp-json\/wp\/v2\/media?parent=952"}],"wp:term":[{"taxonomy":"categoryproduct","embeddable":true,"href":"http:\/\/rippa-machinery.com\/de\/wp-json\/wp\/v2\/categoryproduct?post=952"}],"curies":[{"name":"wp","href":"https:\/\/api.w.org\/{rel}","templated":true}]}}