
{"id":851,"date":"2025-03-14T11:02:22","date_gmt":"2025-03-14T03:02:22","guid":{"rendered":"https:https:\/\/www.rippa-machinery.com\/\/?post_type=product&#038;p=851"},"modified":"2025-03-14T11:02:22","modified_gmt":"2025-03-14T03:02:22","slug":"mini-excavator-r327","status":"publish","type":"product","link":"http:\/\/rippa-machinery.com\/de\/product\/mini-excavator-r327\/","title":{"rendered":"Minibagger R327"},"content":{"rendered":"<p><img loading=\"lazy\" decoding=\"async\" class=\"alignnone size-full wp-image-586\" src=\"https:\/\/www.rippa-machinery.com\/\/wp-content\/uploads\/2025\/03\/1.png\" alt=\"\" width=\"56\" height=\"29\" srcset=\"\/\/rippa-machinery.com\/wp-content\/uploads\/2025\/03\/1.png 56w, \/\/rippa-machinery.com\/wp-content\/uploads\/2025\/03\/1-18x9.png 18w\" sizes=\"auto, (max-width: 56px) 100vw, 56px\" \/><img loading=\"lazy\" decoding=\"async\" class=\"alignnone size-full wp-image-588\" src=\"https:\/\/www.rippa-machinery.com\/\/wp-content\/uploads\/2025\/03\/2.png\" alt=\"\" width=\"56\" height=\"29\" srcset=\"\/\/rippa-machinery.com\/wp-content\/uploads\/2025\/03\/2.png 56w, \/\/rippa-machinery.com\/wp-content\/uploads\/2025\/03\/2-18x9.png 18w\" sizes=\"auto, (max-width: 56px) 100vw, 56px\" \/><img loading=\"lazy\" decoding=\"async\" class=\"alignnone size-full wp-image-587\" src=\"https:\/\/www.rippa-machinery.com\/\/wp-content\/uploads\/2025\/03\/3.png\" alt=\"\" width=\"56\" height=\"29\" srcset=\"\/\/rippa-machinery.com\/wp-content\/uploads\/2025\/03\/3.png 56w, \/\/rippa-machinery.com\/wp-content\/uploads\/2025\/03\/3-18x9.png 18w\" sizes=\"auto, (max-width: 56px) 100vw, 56px\" \/><\/p>\n<p>Die wichtigsten Verkaufsargumente f\u00fcr die R327\u00a0<span class=\"wp_keywordlink\"><a title=\"Minibagger\" href=\"https:\/\/www.rippa.com\/\" target=\"_blank\" rel=\"noopener\">Minibagger<\/a><\/span>\u00a0sind seine exzellente Grundleistung, die hervorragende Bedienbarkeit, die flexible Anpassungsf\u00e4higkeit, der Komfort und das menschengerechte Design, die Zuverl\u00e4ssigkeit und Langlebigkeit sowie die F\u00e4higkeit, die Bed\u00fcrfnisse der Benutzer vollst\u00e4ndig zu erf\u00fcllen. Diese Verkaufsargumente machen ihn zu einem Highlight im Exportgesch\u00e4ft.<\/p>\n<p><strong>Rekrutierung von Agenten weltweit:<\/strong><br \/>\nODM, OEM, anpassbar<br \/>\nF\u00fcr Gro\u00dfhandelsbestellungen sind erm\u00e4\u00dfigte Preise erh\u00e4ltlich.<br \/>\nDie Hersteller haben Lagerbest\u00e4nde und liefern schnell.<br \/>\nDie Mitarbeiter des Kundensupports sind 24 Stunden am Tag online, um Dienstleistungen zu erbringen.<br \/>\nF\u00fcllen Sie die Informationen aus, holen Sie ein Angebot ein und werden Sie unser Agent!<\/p>","protected":false},"featured_media":854,"parent":0,"template":"","meta":{"_acf_changed":false,"_seopress_robots_primary_cat":"none","_seopress_titles_title":"","_seopress_titles_desc":"","_seopress_robots_index":""},"categoryproduct":[20],"class_list":["post-851","product","type-product","status-publish","has-post-thumbnail","hentry","categoryproduct-mini-excavator"],"acf":[],"_links":{"self":[{"href":"http:\/\/rippa-machinery.com\/de\/wp-json\/wp\/v2\/product\/851","targetHints":{"allow":["GET"]}}],"collection":[{"href":"http:\/\/rippa-machinery.com\/de\/wp-json\/wp\/v2\/product"}],"about":[{"href":"http:\/\/rippa-machinery.com\/de\/wp-json\/wp\/v2\/types\/product"}],"wp:featuredmedia":[{"embeddable":true,"href":"http:\/\/rippa-machinery.com\/de\/wp-json\/wp\/v2\/media\/854"}],"wp:attachment":[{"href":"http:\/\/rippa-machinery.com\/de\/wp-json\/wp\/v2\/media?parent=851"}],"wp:term":[{"taxonomy":"categoryproduct","embeddable":true,"href":"http:\/\/rippa-machinery.com\/de\/wp-json\/wp\/v2\/categoryproduct?post=851"}],"curies":[{"name":"wp","href":"https:\/\/api.w.org\/{rel}","templated":true}]}}