
{"id":674,"date":"2025-05-12T13:55:50","date_gmt":"2025-05-12T05:55:50","guid":{"rendered":"https:https:\/\/www.rippa-machinery.com\/\/?post_type=product&#038;p=674"},"modified":"2025-05-12T14:00:17","modified_gmt":"2025-05-12T06:00:17","slug":"rs03-skid-steer","status":"publish","type":"product","link":"http:\/\/rippa-machinery.com\/de\/product\/rs03-skid-steer\/","title":{"rendered":"RS03 Kompaktlader"},"content":{"rendered":"<p><img loading=\"lazy\" decoding=\"async\" class=\"alignnone size-full wp-image-586\" src=\"https:\/\/www.rippa-machinery.com\/\/wp-content\/uploads\/2025\/03\/1.png\" alt=\"\" width=\"56\" height=\"29\" srcset=\"\/\/rippa-machinery.com\/wp-content\/uploads\/2025\/03\/1.png 56w, \/\/rippa-machinery.com\/wp-content\/uploads\/2025\/03\/1-18x9.png 18w\" sizes=\"auto, (max-width: 56px) 100vw, 56px\" \/> <img loading=\"lazy\" decoding=\"async\" class=\"alignnone size-full wp-image-588\" src=\"https:\/\/www.rippa-machinery.com\/\/wp-content\/uploads\/2025\/03\/2.png\" alt=\"\" width=\"56\" height=\"29\" srcset=\"\/\/rippa-machinery.com\/wp-content\/uploads\/2025\/03\/2.png 56w, \/\/rippa-machinery.com\/wp-content\/uploads\/2025\/03\/2-18x9.png 18w\" sizes=\"auto, (max-width: 56px) 100vw, 56px\" \/> <img loading=\"lazy\" decoding=\"async\" class=\"alignnone size-full wp-image-587\" src=\"https:\/\/www.rippa-machinery.com\/\/wp-content\/uploads\/2025\/03\/3.png\" alt=\"\" width=\"56\" height=\"29\" srcset=\"\/\/rippa-machinery.com\/wp-content\/uploads\/2025\/03\/3.png 56w, \/\/rippa-machinery.com\/wp-content\/uploads\/2025\/03\/3-18x9.png 18w\" sizes=\"auto, (max-width: 56px) 100vw, 56px\" \/><\/p>\n<p>Der RIPPA RS03 Kompaktlader verf\u00fcgt \u00fcber eine hervorragende Leistung, ein effizientes Design, eine gro\u00dfe Auswahl an Funktionen und starke Markenvorteile, die ihn zu einer idealen Wahl f\u00fcr den Export machen.<\/p>\n<p>Wir suchen weltweit Agenten:<br \/>\nODM, OEM, Gro\u00dfhandel<br \/>\nBestellungen k\u00f6nnen zu erm\u00e4\u00dfigten Preisen erfolgen.<br \/>\nDer Hersteller hat Lagerbest\u00e4nde und liefert schnell.<br \/>\nDie Mitarbeiter des Kundendienstes bieten 24 Stunden am Tag Online-Dienste an.<br \/>\nGeben Sie Ihre Daten ein, holen Sie ein Angebot ein und werden Sie unser Agent!<\/p>","protected":false},"featured_media":1383,"parent":0,"template":"","meta":{"_acf_changed":false,"_seopress_robots_primary_cat":"none","_seopress_titles_title":"Skid Steer Loader-Most Popular Skid Steer| MiniSkid Steer Loader | Skid Steer Loader Sale","_seopress_titles_desc":"","_seopress_robots_index":""},"categoryproduct":[25],"class_list":["post-674","product","type-product","status-publish","has-post-thumbnail","hentry","categoryproduct-skid-steer"],"acf":[],"_links":{"self":[{"href":"http:\/\/rippa-machinery.com\/de\/wp-json\/wp\/v2\/product\/674","targetHints":{"allow":["GET"]}}],"collection":[{"href":"http:\/\/rippa-machinery.com\/de\/wp-json\/wp\/v2\/product"}],"about":[{"href":"http:\/\/rippa-machinery.com\/de\/wp-json\/wp\/v2\/types\/product"}],"wp:featuredmedia":[{"embeddable":true,"href":"http:\/\/rippa-machinery.com\/de\/wp-json\/wp\/v2\/media\/1383"}],"wp:attachment":[{"href":"http:\/\/rippa-machinery.com\/de\/wp-json\/wp\/v2\/media?parent=674"}],"wp:term":[{"taxonomy":"categoryproduct","embeddable":true,"href":"http:\/\/rippa-machinery.com\/de\/wp-json\/wp\/v2\/categoryproduct?post=674"}],"curies":[{"name":"wp","href":"https:\/\/api.w.org\/{rel}","templated":true}]}}