
{"id":576,"date":"2025-05-11T15:00:43","date_gmt":"2025-05-11T07:00:43","guid":{"rendered":"https:https:\/\/www.rippa-machinery.com\/\/?post_type=product&#038;p=576"},"modified":"2025-05-11T14:48:47","modified_gmt":"2025-05-11T06:48:47","slug":"rl06-wheel-loader","status":"publish","type":"product","link":"http:\/\/rippa-machinery.com\/de\/product\/rl06-wheel-loader\/","title":{"rendered":"RL06 Radlader"},"content":{"rendered":"<p><img loading=\"lazy\" decoding=\"async\" class=\"alignnone size-full wp-image-586\" src=\"https:\/\/www.rippa-machinery.com\/\/wp-content\/uploads\/2025\/03\/1.png\" alt=\"\" width=\"56\" height=\"29\" srcset=\"\/\/rippa-machinery.com\/wp-content\/uploads\/2025\/03\/1.png 56w, \/\/rippa-machinery.com\/wp-content\/uploads\/2025\/03\/1-18x9.png 18w\" sizes=\"auto, (max-width: 56px) 100vw, 56px\" \/> <img loading=\"lazy\" decoding=\"async\" class=\"alignnone size-full wp-image-587\" src=\"https:\/\/www.rippa-machinery.com\/\/wp-content\/uploads\/2025\/03\/3.png\" alt=\"\" width=\"56\" height=\"29\" srcset=\"\/\/rippa-machinery.com\/wp-content\/uploads\/2025\/03\/3.png 56w, \/\/rippa-machinery.com\/wp-content\/uploads\/2025\/03\/3-18x9.png 18w\" sizes=\"auto, (max-width: 56px) 100vw, 56px\" \/><\/p>\n<p>Die Vorteile des RIPPA RL06-Laders in Bezug auf Effizienz, Kosten, Vielseitigkeit, Benutzerfreundlichkeit, Langlebigkeit und Umweltschutz tragen dazu bei, potenzielle Kunden im Exportgesch\u00e4ft zu gewinnen.<\/p>\n<p>Rekrutierung globaler Agenten:<\/p>\n<p>ODM, OEM, anpassbar<br \/>\nF\u00fcr Gro\u00dfhandelsbestellungen sind erm\u00e4\u00dfigte Preise erh\u00e4ltlich.<\/p>\n<p>Fabrikinventar und schnelle Lieferung.<\/p>\n<p>Die Mitarbeiter des Kundendienstes sind 24 Stunden am Tag online, um Dienstleistungen anzubieten.<\/p>\n<p>F\u00fcllen Sie die Informationen aus, holen Sie ein Angebot ein und werden Sie unser Agent!<\/p>","protected":false},"featured_media":1342,"parent":0,"template":"","meta":{"_acf_changed":false,"_seopress_robots_primary_cat":"none","_seopress_titles_title":"","_seopress_titles_desc":"","_seopress_robots_index":""},"categoryproduct":[23],"class_list":["post-576","product","type-product","status-publish","has-post-thumbnail","hentry","categoryproduct-wheel-loader"],"acf":[],"_links":{"self":[{"href":"http:\/\/rippa-machinery.com\/de\/wp-json\/wp\/v2\/product\/576","targetHints":{"allow":["GET"]}}],"collection":[{"href":"http:\/\/rippa-machinery.com\/de\/wp-json\/wp\/v2\/product"}],"about":[{"href":"http:\/\/rippa-machinery.com\/de\/wp-json\/wp\/v2\/types\/product"}],"wp:featuredmedia":[{"embeddable":true,"href":"http:\/\/rippa-machinery.com\/de\/wp-json\/wp\/v2\/media\/1342"}],"wp:attachment":[{"href":"http:\/\/rippa-machinery.com\/de\/wp-json\/wp\/v2\/media?parent=576"}],"wp:term":[{"taxonomy":"categoryproduct","embeddable":true,"href":"http:\/\/rippa-machinery.com\/de\/wp-json\/wp\/v2\/categoryproduct?post=576"}],"curies":[{"name":"wp","href":"https:\/\/api.w.org\/{rel}","templated":true}]}}