
{"id":441,"date":"2025-05-12T12:59:04","date_gmt":"2025-05-12T04:59:04","guid":{"rendered":"https:\/\/www.china-rippa.com\/?post_type=product&#038;p=441"},"modified":"2025-09-05T10:00:09","modified_gmt":"2025-09-05T02:00:09","slug":"mini-excavator-r32","status":"publish","type":"product","link":"http:\/\/rippa-machinery.com\/de\/product\/mini-excavator-r32\/","title":{"rendered":"3,2-Tonnen-Minibagger R32"},"content":{"rendered":"<p><span style=\"font-size: 14pt;\"><img loading=\"lazy\" decoding=\"async\" class=\"alignnone wp-image-391 size-full\" src=\"https:\/\/www.rippa-machinery.com\/\/wp-content\/uploads\/2024\/10\/CE.jpg\" alt=\"\" width=\"56\" height=\"29\" \/> <img loading=\"lazy\" decoding=\"async\" class=\"alignnone wp-image-392 size-full\" src=\"https:\/\/www.rippa-machinery.com\/\/wp-content\/uploads\/2024\/10\/EPA-4.jpg\" alt=\"\" width=\"56\" height=\"29\" \/> <img loading=\"lazy\" decoding=\"async\" class=\"alignnone wp-image-393 size-full\" src=\"https:\/\/www.rippa-machinery.com\/\/wp-content\/uploads\/2024\/10\/\u6b27\u4e94.jpg\" alt=\"\" width=\"56\" height=\"29\" \/><\/span><\/p>\n<p>Die\u00a0<strong data-start=\"3291\" data-end=\"3319\">RIPPA R32 Minibagger<\/strong>\u00a0ist eine\u00a0<strong data-start=\"3325\" data-end=\"3362\">3,2-Tonnen-Nullheck-Schwenkbagger<\/strong>\u00a0gebaut f\u00fcr anspruchsvolle Bau- und Landschaftsbauprojekte. Er wird angetrieben von der\u00a0<strong data-start=\"3443\" data-end=\"3466\">Kubota V1505 Motor<\/strong>und bietet\u00a0<strong data-start=\"3477\" data-end=\"3498\">18,2 kW (24,4 PS)<\/strong>\u00a0Ausgang f\u00fcr zuverl\u00e4ssige Leistung.<\/p>\n<p><span style=\"font-size: 14pt;\"><strong>Rekrutierung von Agenten weltweit:<\/strong><\/span><br \/>\n<span style=\"font-size: 14pt;\">ODM, OEM, anpassbar<\/span><br \/>\n<span style=\"font-size: 14pt;\">F\u00fcr Gro\u00dfhandelsbestellungen sind erm\u00e4\u00dfigte Preise erh\u00e4ltlich.<\/span><br \/>\n<span style=\"font-size: 14pt;\">Die Hersteller haben Lagerbest\u00e4nde und liefern schnell.<\/span><br \/>\n<span style=\"font-size: 14pt;\">Die Mitarbeiter des Kundensupports sind 24 Stunden am Tag online, um Dienstleistungen zu erbringen.<\/span><br \/>\n<span style=\"font-size: 14pt;\">F\u00fcllen Sie die Informationen aus, holen Sie ein Angebot ein und werden Sie unser Agent!<\/span><\/p>","protected":false},"featured_media":1475,"parent":0,"template":"","meta":{"_acf_changed":false,"_seopress_robots_primary_cat":"none","_seopress_titles_title":"Mini Excavator R32-new mini excavator for","_seopress_titles_desc":"The R32 small excavator has strong competitiveness in export trade due to its core selling points such as high performance, high energy efficiency, easy operation, safety and comfort, easy maintenance, environmentally friendly design, rich configurations and options, and brand trust.","_seopress_robots_index":""},"categoryproduct":[20],"class_list":["post-441","product","type-product","status-publish","has-post-thumbnail","hentry","categoryproduct-mini-excavator"],"acf":[],"_links":{"self":[{"href":"http:\/\/rippa-machinery.com\/de\/wp-json\/wp\/v2\/product\/441","targetHints":{"allow":["GET"]}}],"collection":[{"href":"http:\/\/rippa-machinery.com\/de\/wp-json\/wp\/v2\/product"}],"about":[{"href":"http:\/\/rippa-machinery.com\/de\/wp-json\/wp\/v2\/types\/product"}],"wp:featuredmedia":[{"embeddable":true,"href":"http:\/\/rippa-machinery.com\/de\/wp-json\/wp\/v2\/media\/1475"}],"wp:attachment":[{"href":"http:\/\/rippa-machinery.com\/de\/wp-json\/wp\/v2\/media?parent=441"}],"wp:term":[{"taxonomy":"categoryproduct","embeddable":true,"href":"http:\/\/rippa-machinery.com\/de\/wp-json\/wp\/v2\/categoryproduct?post=441"}],"curies":[{"name":"wp","href":"https:\/\/api.w.org\/{rel}","templated":true}]}}