
{"id":414,"date":"2025-05-12T13:01:12","date_gmt":"2025-05-12T05:01:12","guid":{"rendered":"https:\/\/www.china-rippa.com\/?post_type=product&#038;p=414"},"modified":"2025-09-05T09:46:22","modified_gmt":"2025-09-05T01:46:22","slug":"mini-excavator-r18","status":"publish","type":"product","link":"http:\/\/rippa-machinery.com\/de\/product\/mini-excavator-r18\/","title":{"rendered":"1,8-Tonnen-Minibagger R18"},"content":{"rendered":"<p><span style=\"font-size: 14pt;\"><img loading=\"lazy\" decoding=\"async\" class=\"alignnone wp-image-391 size-full\" src=\"https:\/\/www.rippa-machinery.com\/\/wp-content\/uploads\/2024\/10\/CE.jpg\" alt=\"\" width=\"56\" height=\"29\" \/> <img loading=\"lazy\" decoding=\"async\" class=\"alignnone wp-image-392 size-full\" src=\"https:\/\/www.rippa-machinery.com\/\/wp-content\/uploads\/2024\/10\/EPA-4.jpg\" alt=\"\" width=\"56\" height=\"29\" \/> <img loading=\"lazy\" decoding=\"async\" class=\"alignnone wp-image-393 size-full\" src=\"https:\/\/www.rippa-machinery.com\/\/wp-content\/uploads\/2024\/10\/\u6b27\u4e94.jpg\" alt=\"\" width=\"56\" height=\"29\" \/><\/span><\/p>\n<p>Die\u00a0<strong data-start=\"962\" data-end=\"990\">RIPPA R18 Minibagger<\/strong>\u00a0ist ein kompakter 1,8-Tonnen-Bagger, der f\u00fcr Effizienz, Flexibilit\u00e4t und Langlebigkeit bei kleinen bis mittleren Bauprojekten ausgelegt ist. Ausgestattet mit einem\u00a0<strong data-start=\"1133\" data-end=\"1173\">Kubota D902-Motor (18,5 kW \/ 25 PS)<\/strong>Er gew\u00e4hrleistet eine stabile Leistungsabgabe und Kraftstoffeffizienz. Die fortschrittliche\u00a0<strong data-start=\"1240\" data-end=\"1263\">Zahnradpumpe \u00d73 System<\/strong>\u00a0bietet eine starke hydraulische Leistung mit einer maximalen Durchflussrate von\u00a0<strong data-start=\"1330\" data-end=\"1344\">40,1 l\/min<\/strong>Dadurch eignet er sich f\u00fcr Grab-, Graben- und Landschaftsbauarbeiten.<\/p>\n<p><span style=\"font-size: 14pt;\"><strong>Rekrutierung von Agenten weltweit:<\/strong><\/span><br \/>\n<span style=\"font-size: 14pt;\">ODM, OEM, anpassbar<\/span><br \/>\n<span style=\"font-size: 14pt;\">F\u00fcr Gro\u00dfhandelsbestellungen sind erm\u00e4\u00dfigte Preise erh\u00e4ltlich.<\/span><br \/>\n<span style=\"font-size: 14pt;\">Die Hersteller haben Lagerbest\u00e4nde und liefern schnell.<\/span><br \/>\n<span style=\"font-size: 14pt;\">Die Mitarbeiter des Kundensupports sind 24 Stunden am Tag online, um Dienstleistungen zu erbringen.<\/span><br \/>\n<span style=\"font-size: 14pt;\">F\u00fcllen Sie die Informationen aus, holen Sie ein Angebot ein und werden Sie unser Agent!<\/span><\/p>","protected":false},"featured_media":1457,"parent":0,"template":"","meta":{"_acf_changed":false,"_seopress_robots_primary_cat":"none","_seopress_titles_title":"Mini Excavator R18-mini excavator tracks","_seopress_titles_desc":"The advantages of the R18 small excavator in terms of performance, operation, comfort, safety, energy saving and humanized design will help attract the attention of potential customers in export trade.","_seopress_robots_index":""},"categoryproduct":[20],"class_list":["post-414","product","type-product","status-publish","has-post-thumbnail","hentry","categoryproduct-mini-excavator"],"acf":[],"_links":{"self":[{"href":"http:\/\/rippa-machinery.com\/de\/wp-json\/wp\/v2\/product\/414","targetHints":{"allow":["GET"]}}],"collection":[{"href":"http:\/\/rippa-machinery.com\/de\/wp-json\/wp\/v2\/product"}],"about":[{"href":"http:\/\/rippa-machinery.com\/de\/wp-json\/wp\/v2\/types\/product"}],"wp:featuredmedia":[{"embeddable":true,"href":"http:\/\/rippa-machinery.com\/de\/wp-json\/wp\/v2\/media\/1457"}],"wp:attachment":[{"href":"http:\/\/rippa-machinery.com\/de\/wp-json\/wp\/v2\/media?parent=414"}],"wp:term":[{"taxonomy":"categoryproduct","embeddable":true,"href":"http:\/\/rippa-machinery.com\/de\/wp-json\/wp\/v2\/categoryproduct?post=414"}],"curies":[{"name":"wp","href":"https:\/\/api.w.org\/{rel}","templated":true}]}}