
{"id":401,"date":"2025-05-12T13:07:57","date_gmt":"2025-05-12T05:07:57","guid":{"rendered":"https:\/\/www.china-rippa.com\/?post_type=product&#038;p=401"},"modified":"2025-09-05T09:39:31","modified_gmt":"2025-09-05T01:39:31","slug":"mini-excavator-r15","status":"publish","type":"product","link":"http:\/\/rippa-machinery.com\/de\/product\/mini-excavator-r15\/","title":{"rendered":"1,5-Tonnen-Minibagger R15"},"content":{"rendered":"<p><span style=\"font-size: 14pt;\"><img loading=\"lazy\" decoding=\"async\" class=\"alignnone wp-image-391 size-full\" src=\"https:\/\/www.rippa-machinery.com\/\/wp-content\/uploads\/2024\/10\/CE.jpg\" alt=\"\" width=\"56\" height=\"29\" \/> <img loading=\"lazy\" decoding=\"async\" class=\"alignnone wp-image-392 size-full\" src=\"https:\/\/www.rippa-machinery.com\/\/wp-content\/uploads\/2024\/10\/EPA-4.jpg\" alt=\"\" width=\"56\" height=\"29\" \/> <img loading=\"lazy\" decoding=\"async\" class=\"alignnone wp-image-393 size-full\" src=\"https:\/\/www.rippa-machinery.com\/\/wp-content\/uploads\/2024\/10\/\u6b27\u4e94.jpg\" alt=\"\" width=\"56\" height=\"29\" \/><\/span><\/p>\n<p>Die\u00a0<b>RIPPA R15-PRO Minibagger<\/b>\u00a0wurde als ideale L\u00f6sung f\u00fcr Sie entwickelt. Diese Maschine der 1,5-Tonnen-Klasse ist f\u00fcr \u00fcberragende Leistung auf engem Raum ausgelegt und eignet sich daher perfekt f\u00fcr Landschaftsbau, Grabenaushub, Abbruch und Fundamentarbeiten.<\/p>\n<p>Der Hauptvorteil des R15-PRO ist sein verbessertes\u00a0<b>pilotengesteuertes Joystick-Steuerungssystem<\/b>. Diese erstklassige Funktion sorgt f\u00fcr eine seidenweiche, reaktionsschnelle und intuitive Bedienung, die es sowohl Anf\u00e4ngern als auch Experten erm\u00f6glicht, mit Leichtigkeit millimetergenaue Ergebnisse zu erzielen.<\/p>\n<p><span style=\"font-size: 14pt;\"><strong>Rekrutierung von Agenten weltweit:<\/strong><\/span><br \/>\n<span style=\"font-size: 14pt;\">ODM, OEM, anpassbar<\/span><br \/>\n<span style=\"font-size: 14pt;\">F\u00fcr Gro\u00dfhandelsbestellungen sind erm\u00e4\u00dfigte Preise erh\u00e4ltlich.<\/span><br \/>\n<span style=\"font-size: 14pt;\">Die Hersteller haben Lagerbest\u00e4nde und liefern schnell.<\/span><br \/>\n<span style=\"font-size: 14pt;\">Die Mitarbeiter des Kundensupports sind 24 Stunden am Tag online, um Dienstleistungen zu erbringen.<\/span><br \/>\n<span style=\"font-size: 14pt;\">F\u00fcllen Sie die Informationen aus, holen Sie ein Angebot ein und werden Sie unser Agent!<\/span><\/p>","protected":false},"featured_media":1450,"parent":0,"template":"","meta":{"_acf_changed":false,"_seopress_robots_primary_cat":"none","_seopress_titles_title":"mini excavator for sale-kubota excavator-mini excavator tracks","_seopress_titles_desc":"The R15 small excavator has become a highlight product in export trade with its excellent performance, flexible operability, unique design, comfortable operating experience, efficient excavation ability and reliable quality, and can meet the needs of various users.","_seopress_robots_index":""},"categoryproduct":[20],"class_list":["post-401","product","type-product","status-publish","has-post-thumbnail","hentry","categoryproduct-mini-excavator"],"acf":[],"_links":{"self":[{"href":"http:\/\/rippa-machinery.com\/de\/wp-json\/wp\/v2\/product\/401","targetHints":{"allow":["GET"]}}],"collection":[{"href":"http:\/\/rippa-machinery.com\/de\/wp-json\/wp\/v2\/product"}],"about":[{"href":"http:\/\/rippa-machinery.com\/de\/wp-json\/wp\/v2\/types\/product"}],"wp:featuredmedia":[{"embeddable":true,"href":"http:\/\/rippa-machinery.com\/de\/wp-json\/wp\/v2\/media\/1450"}],"wp:attachment":[{"href":"http:\/\/rippa-machinery.com\/de\/wp-json\/wp\/v2\/media?parent=401"}],"wp:term":[{"taxonomy":"categoryproduct","embeddable":true,"href":"http:\/\/rippa-machinery.com\/de\/wp-json\/wp\/v2\/categoryproduct?post=401"}],"curies":[{"name":"wp","href":"https:\/\/api.w.org\/{rel}","templated":true}]}}