
{"id":387,"date":"2025-05-12T13:09:59","date_gmt":"2025-05-12T05:09:59","guid":{"rendered":"https:\/\/www.china-rippa.com\/?post_type=product&#038;p=387"},"modified":"2025-09-05T09:29:09","modified_gmt":"2025-09-05T01:29:09","slug":"r10","status":"publish","type":"product","link":"http:\/\/rippa-machinery.com\/de\/product\/r10\/","title":{"rendered":"1Tonne Minibagger R10"},"content":{"rendered":"<p><span style=\"font-size: 14pt;\"><img loading=\"lazy\" decoding=\"async\" class=\"alignnone wp-image-391 size-full\" src=\"https:\/\/www.rippa-machinery.com\/\/wp-content\/uploads\/2024\/10\/CE.jpg\" alt=\"\" width=\"56\" height=\"29\" \/> <img loading=\"lazy\" decoding=\"async\" class=\"alignnone wp-image-392 size-full\" src=\"https:\/\/www.rippa-machinery.com\/\/wp-content\/uploads\/2024\/10\/EPA-4.jpg\" alt=\"\" width=\"56\" height=\"29\" \/> <img loading=\"lazy\" decoding=\"async\" class=\"alignnone wp-image-393 size-full\" src=\"https:\/\/www.rippa-machinery.com\/\/wp-content\/uploads\/2024\/10\/\u6b27\u4e94.jpg\" alt=\"\" width=\"56\" height=\"29\" \/><\/span><\/p>\n<p><b>Rippa R10-ECO Minibagger: Ihr ultimatives kompaktes Kraftpaket f\u00fcr beengte Platzverh\u00e4ltnisse<br \/>\n<\/b>Der Rippa R10-ECO wurde f\u00fcr maximale Vielseitigkeit auf engstem Raum entwickelt und ist ein 1-Tonnen-Minibagger, der Kraft und Wendigkeit bietet, wo gr\u00f6\u00dfere Maschinen nicht hinkommen. Der R10-ECO ist ideal f\u00fcr Landschaftsg\u00e4rtner, Landwirte und Renovierungsprojekte in Innenr\u00e4umen. Er ist Ihr zuverl\u00e4ssiger Partner, wenn es darum geht, die Arbeit effizient zu erledigen.<\/p>\n<p><span style=\"font-size: 14pt;\"><strong>Rekrutierung von Agenten weltweit:<\/strong><\/span><br \/>\n<span style=\"font-size: 14pt;\">ODM, OEM, anpassbar<\/span><br \/>\n<span style=\"font-size: 14pt;\">F\u00fcr Gro\u00dfhandelsbestellungen sind erm\u00e4\u00dfigte Preise erh\u00e4ltlich.<\/span><br \/>\n<span style=\"font-size: 14pt;\">Die Hersteller haben Lagerbest\u00e4nde und liefern schnell.<\/span><br \/>\n<span style=\"font-size: 14pt;\">Die Mitarbeiter des Kundensupports sind 24 Stunden am Tag online, um Dienstleistungen zu erbringen.<\/span><br \/>\n<span style=\"font-size: 14pt;\">F\u00fcllen Sie die Informationen aus, holen Sie ein Angebot ein und werden Sie unser Agent!<\/span><\/p>","protected":false},"featured_media":1440,"parent":0,"template":"","meta":{"_acf_changed":false,"_seopress_robots_primary_cat":"none","_seopress_titles_title":"cheapest mini excavator-rubber tracks for excavator","_seopress_titles_desc":"The R10-5 small excavator has become an ideal choice for export trade with its excellent performance, efficient hydraulic system, outstanding operating ability, reliable and durable design, comfortable operating experience, convenient maintainability and configuration that meets international standards.","_seopress_robots_index":""},"categoryproduct":[20],"class_list":["post-387","product","type-product","status-publish","has-post-thumbnail","hentry","categoryproduct-mini-excavator"],"acf":[],"_links":{"self":[{"href":"http:\/\/rippa-machinery.com\/de\/wp-json\/wp\/v2\/product\/387","targetHints":{"allow":["GET"]}}],"collection":[{"href":"http:\/\/rippa-machinery.com\/de\/wp-json\/wp\/v2\/product"}],"about":[{"href":"http:\/\/rippa-machinery.com\/de\/wp-json\/wp\/v2\/types\/product"}],"wp:featuredmedia":[{"embeddable":true,"href":"http:\/\/rippa-machinery.com\/de\/wp-json\/wp\/v2\/media\/1440"}],"wp:attachment":[{"href":"http:\/\/rippa-machinery.com\/de\/wp-json\/wp\/v2\/media?parent=387"}],"wp:term":[{"taxonomy":"categoryproduct","embeddable":true,"href":"http:\/\/rippa-machinery.com\/de\/wp-json\/wp\/v2\/categoryproduct?post=387"}],"curies":[{"name":"wp","href":"https:\/\/api.w.org\/{rel}","templated":true}]}}