
{"id":1316,"date":"2025-04-29T14:24:22","date_gmt":"2025-04-29T06:24:22","guid":{"rendered":"https:https:\/\/www.rippa-machinery.com\/\/?post_type=product&#038;p=1316"},"modified":"2025-05-11T14:42:43","modified_gmt":"2025-05-11T06:42:43","slug":"r520-large-excavator","status":"publish","type":"product","link":"http:\/\/rippa-machinery.com\/de\/product\/r520-large-excavator\/","title":{"rendered":"R520 Gro\u00dfbagger"},"content":{"rendered":"<p>Der Gro\u00dfbagger R520 von Rippa verf\u00fcgt \u00fcber erhebliche Wettbewerbsvorteile auf dem Baggermarkt, denn seine Hauptmerkmale sind hohe Effizienz und Energieeinsparung, intelligente Steuerung, Zuverl\u00e4ssigkeit und Langlebigkeit, Komfort und Bequemlichkeit, einfache Wartung, Sicherheit und Zuverl\u00e4ssigkeit sowie ein perfekter Kundendienst.<\/p>\n<p><strong>Rekrutieren Sie aufrichtig globale Agenten:<\/strong><br \/>\nODM, OEM, anpassbar<br \/>\nBei Gro\u00dfhandelsbestellungen werden Rabatte gew\u00e4hrt.<br \/>\nDer Hersteller hat Lagerbest\u00e4nde und liefert schnell.<br \/>\nDie Mitarbeiter des Kundendienstes bieten 24 Stunden am Tag Online-Dienste an.<br \/>\nF\u00fcllen Sie die Informationen aus, holen Sie ein Angebot ein und werden Sie unser Agent!<\/p>\n<p><img decoding=\"async\" class=\"img-fluid\" src=\"https:\/\/www.rippa.com\/wp-content\/uploads\/2025\/01\/%E6%9C%AA%E6%A0%87%E9%A2%98-5.jpg\" alt=\"Chinese Mini Excavator-Loader-Rippa Forklift-Rippa Group\" \/><\/p>","protected":false},"featured_media":1320,"parent":0,"template":"","meta":{"_acf_changed":false,"_seopress_robots_primary_cat":"none","_seopress_titles_title":"","_seopress_titles_desc":"","_seopress_robots_index":""},"categoryproduct":[21],"class_list":["post-1316","product","type-product","status-publish","has-post-thumbnail","hentry","categoryproduct-large-excavator"],"acf":[],"_links":{"self":[{"href":"http:\/\/rippa-machinery.com\/de\/wp-json\/wp\/v2\/product\/1316","targetHints":{"allow":["GET"]}}],"collection":[{"href":"http:\/\/rippa-machinery.com\/de\/wp-json\/wp\/v2\/product"}],"about":[{"href":"http:\/\/rippa-machinery.com\/de\/wp-json\/wp\/v2\/types\/product"}],"wp:featuredmedia":[{"embeddable":true,"href":"http:\/\/rippa-machinery.com\/de\/wp-json\/wp\/v2\/media\/1320"}],"wp:attachment":[{"href":"http:\/\/rippa-machinery.com\/de\/wp-json\/wp\/v2\/media?parent=1316"}],"wp:term":[{"taxonomy":"categoryproduct","embeddable":true,"href":"http:\/\/rippa-machinery.com\/de\/wp-json\/wp\/v2\/categoryproduct?post=1316"}],"curies":[{"name":"wp","href":"https:\/\/api.w.org\/{rel}","templated":true}]}}