
{"id":1264,"date":"2025-05-11T14:25:22","date_gmt":"2025-05-11T06:25:22","guid":{"rendered":"https:https:\/\/www.rippa-machinery.com\/\/?post_type=product&#038;p=1264"},"modified":"2025-05-11T14:49:40","modified_gmt":"2025-05-11T06:49:40","slug":"backhoe-loader-rb25","status":"publish","type":"product","link":"http:\/\/rippa-machinery.com\/de\/product\/backhoe-loader-rb25\/","title":{"rendered":"Baggerlader RB25"},"content":{"rendered":"<p><img loading=\"lazy\" decoding=\"async\" class=\"alignnone size-full wp-image-1708\" src=\"https:\/\/www.rippa.com\/wp-content\/uploads\/2024\/09\/CE.jpg\" sizes=\"auto, (max-width: 56px) 100vw, 56px\" srcset=\"https:\/\/www.rippa.com\/wp-content\/uploads\/2024\/09\/CE.jpg 56w, https:\/\/www.rippa.com\/wp-content\/uploads\/2024\/09\/CE-18x9.jpg 18w\" alt=\"\" width=\"56\" height=\"29\" \/>\u00a0\u00a0<img loading=\"lazy\" decoding=\"async\" class=\"alignnone size-full wp-image-1709\" src=\"https:\/\/www.rippa.com\/wp-content\/uploads\/2024\/09\/EPA-4.jpg\" sizes=\"auto, (max-width: 56px) 100vw, 56px\" srcset=\"https:\/\/www.rippa.com\/wp-content\/uploads\/2024\/09\/EPA-4.jpg 56w, https:\/\/www.rippa.com\/wp-content\/uploads\/2024\/09\/EPA-4-18x9.jpg 18w\" alt=\"\" width=\"56\" height=\"29\" \/>\u00a0\u00a0<img loading=\"lazy\" decoding=\"async\" class=\"alignnone size-full wp-image-1710\" src=\"https:\/\/www.rippa.com\/wp-content\/uploads\/2024\/09\/%E6%AC%A7%E4%BA%94.jpg\" sizes=\"auto, (max-width: 56px) 100vw, 56px\" srcset=\"https:\/\/www.rippa.com\/wp-content\/uploads\/2024\/09\/\u6b27\u4e94.jpg 56w, https:\/\/www.rippa.com\/wp-content\/uploads\/2024\/09\/\u6b27\u4e94-18x9.jpg 18w\" alt=\"\" width=\"56\" height=\"29\" \/><\/p>\n<p>Die breite Anwendbarkeit und die leistungsstarke mechanische Konfiguration des RB25 Baggerladers haben ihn auf dem internationalen Markt sehr beliebt gemacht. Das komfortable Fahrerlebnis, die optimierte Steuerung und die Optimierung des niedrigen Kraftstoffverbrauchs und der hohen Lebensdauer haben auch seine Wettbewerbsf\u00e4higkeit auf dem globalen Markt erh\u00f6ht. Vor allem auf dem ausl\u00e4ndischen Markt, wo die Anforderungen an den Umweltschutz und den effizienten Betrieb st\u00e4ndig verbessert werden, erf\u00fcllt der RB25 zweifellos diese Anforderungen und st\u00e4rkt den Einfluss der Marke Ripa.<\/p>\n<p>Wir rekrutieren aufrichtig globale Agenten:<br \/>\nODM, OEM, Gro\u00dfhandel<br \/>\nBestellungen k\u00f6nnen zu erm\u00e4\u00dfigten Preisen erfolgen.<br \/>\nDer Hersteller hat Lagerbest\u00e4nde und liefert schnell.<br \/>\nDie Mitarbeiter des Kundendienstes bieten 24 Stunden am Tag Online-Dienste an.<br \/>\nF\u00fcllen Sie die Informationen aus, holen Sie ein Angebot ein und werden Sie unser Agent!<\/p>\n<p>&nbsp;<\/p>\n<p><img decoding=\"async\" class=\"img-fluid\" src=\"https:\/\/www.rippa.com\/wp-content\/uploads\/2025\/01\/%E6%9C%AA%E6%A0%87%E9%A2%98-5.jpg\" alt=\"Chinese Mini Excavator-Loader-Rippa Forklift-Rippa Group\" \/><\/p>","protected":false},"featured_media":1267,"parent":0,"template":"","meta":{"_acf_changed":false,"_seopress_robots_primary_cat":"none","_seopress_titles_title":"","_seopress_titles_desc":"","_seopress_robots_index":""},"categoryproduct":[24],"class_list":["post-1264","product","type-product","status-publish","has-post-thumbnail","hentry","categoryproduct-backhoe-loader"],"acf":[],"_links":{"self":[{"href":"http:\/\/rippa-machinery.com\/de\/wp-json\/wp\/v2\/product\/1264","targetHints":{"allow":["GET"]}}],"collection":[{"href":"http:\/\/rippa-machinery.com\/de\/wp-json\/wp\/v2\/product"}],"about":[{"href":"http:\/\/rippa-machinery.com\/de\/wp-json\/wp\/v2\/types\/product"}],"wp:featuredmedia":[{"embeddable":true,"href":"http:\/\/rippa-machinery.com\/de\/wp-json\/wp\/v2\/media\/1267"}],"wp:attachment":[{"href":"http:\/\/rippa-machinery.com\/de\/wp-json\/wp\/v2\/media?parent=1264"}],"wp:term":[{"taxonomy":"categoryproduct","embeddable":true,"href":"http:\/\/rippa-machinery.com\/de\/wp-json\/wp\/v2\/categoryproduct?post=1264"}],"curies":[{"name":"wp","href":"https:\/\/api.w.org\/{rel}","templated":true}]}}