
{"id":1235,"date":"2025-05-02T14:04:30","date_gmt":"2025-05-02T06:04:30","guid":{"rendered":"https:https:\/\/www.rippa-machinery.com\/\/?post_type=product&#038;p=1235"},"modified":"2025-05-11T14:41:44","modified_gmt":"2025-05-11T06:41:44","slug":"r320-large-excavator","status":"publish","type":"product","link":"http:\/\/rippa-machinery.com\/de\/product\/r320-large-excavator\/","title":{"rendered":"R320 Gro\u00dfbagger"},"content":{"rendered":"<p>Der Gro\u00dfbagger R320 ist auf dem Baggermarkt sehr wettbewerbsf\u00e4hig, denn er zeichnet sich durch folgende Merkmale aus: effizientes Antriebssystem, Energieeinsparung und Verbrauchsreduzierung, intelligente Steuerung, Langlebigkeit und Zuverl\u00e4ssigkeit, menschengerechtes Design, bequeme Wartung, perfekte Serviceunterst\u00fctzung, verbesserte Konfiguration und Optionen, umweltfreundlicher Umweltschutz usw. und ist sehr gut f\u00fcr den Export geeignet.<\/p>\n<p><strong>Rekrutieren Sie aufrichtig globale Agenten:<\/strong><br \/>\nODM, OEM, anpassbar<br \/>\nGro\u00dfhandelsbestellungen k\u00f6nnen zu erm\u00e4\u00dfigten Preisen erfolgen.<br \/>\nDer Hersteller hat Lagerbest\u00e4nde und liefert schnell.<br \/>\nDie Mitarbeiter des Kundendienstes bieten 24 Stunden am Tag Online-Dienste an.<br \/>\nF\u00fcllen Sie die Informationen aus, holen Sie ein Angebot ein und werden Sie unser Agent!<\/p>\n<p><img decoding=\"async\" class=\"img-fluid\" src=\"https:\/\/www.rippa.com\/wp-content\/uploads\/2025\/01\/%E6%9C%AA%E6%A0%87%E9%A2%98-5.jpg\" alt=\"Chinese Mini Excavator-Loader-Rippa Forklift-Rippa Group\" \/><\/p>","protected":false},"featured_media":1239,"parent":0,"template":"","meta":{"_acf_changed":false,"_seopress_robots_primary_cat":"none","_seopress_titles_title":"","_seopress_titles_desc":"","_seopress_robots_index":""},"categoryproduct":[21],"class_list":["post-1235","product","type-product","status-publish","has-post-thumbnail","hentry","categoryproduct-large-excavator"],"acf":[],"_links":{"self":[{"href":"http:\/\/rippa-machinery.com\/de\/wp-json\/wp\/v2\/product\/1235","targetHints":{"allow":["GET"]}}],"collection":[{"href":"http:\/\/rippa-machinery.com\/de\/wp-json\/wp\/v2\/product"}],"about":[{"href":"http:\/\/rippa-machinery.com\/de\/wp-json\/wp\/v2\/types\/product"}],"wp:featuredmedia":[{"embeddable":true,"href":"http:\/\/rippa-machinery.com\/de\/wp-json\/wp\/v2\/media\/1239"}],"wp:attachment":[{"href":"http:\/\/rippa-machinery.com\/de\/wp-json\/wp\/v2\/media?parent=1235"}],"wp:term":[{"taxonomy":"categoryproduct","embeddable":true,"href":"http:\/\/rippa-machinery.com\/de\/wp-json\/wp\/v2\/categoryproduct?post=1235"}],"curies":[{"name":"wp","href":"https:\/\/api.w.org\/{rel}","templated":true}]}}