
{"id":1152,"date":"2025-04-11T13:49:56","date_gmt":"2025-04-11T05:49:56","guid":{"rendered":"https:https:\/\/www.rippa-machinery.com\/\/?post_type=product&#038;p=1152"},"modified":"2025-05-11T14:22:39","modified_gmt":"2025-05-11T06:22:39","slug":"r535-rough-terrain-forklift","status":"publish","type":"product","link":"http:\/\/rippa-machinery.com\/de\/product\/r535-rough-terrain-forklift\/","title":{"rendered":"R535 Rough Terrain Gabelstapler"},"content":{"rendered":"<p>Der Gel\u00e4ndestapler R535 ist f\u00fcr seine hervorragende Leistung im Gel\u00e4nde bekannt. Er kommt problemlos mit schlammigem, zerkl\u00fcftetem und anderem komplexen Gel\u00e4nde zurecht und gew\u00e4hrleistet uneingeschr\u00e4nkte Eins\u00e4tze. Sein leistungsstarkes Antriebssystem und die stabile Karosseriekonstruktion bieten eine hohe Tragf\u00e4higkeit und eine hohe Betriebseffizienz. Gleichzeitig verf\u00fcgt der Gel\u00e4ndestapler \u00fcber eine flexible Bedienbarkeit und eine pr\u00e4zise Steuerung, um unterschiedlichen Betriebsanforderungen gerecht zu werden. Der R535-Gel\u00e4ndestapler ist langlebig, zuverl\u00e4ssig, wartungsfreundlich und kosteng\u00fcnstig. Er ist die ideale Wahl, um die Betriebseffizienz zu verbessern, die Einsatzm\u00f6glichkeiten zu erweitern und die Betriebssicherheit zu gew\u00e4hrleisten.<\/p>\n<p><strong>Rekrutierung von Agenten weltweit:<\/strong><br \/>\nODM, OEM, anpassbar<br \/>\nF\u00fcr Gro\u00dfhandelsbestellungen sind erm\u00e4\u00dfigte Preise erh\u00e4ltlich.<br \/>\nDie Hersteller haben Lagerbest\u00e4nde und liefern schnell.<br \/>\nDie Mitarbeiter des Kundensupports sind 24 Stunden am Tag online, um Dienstleistungen zu erbringen.<br \/>\nF\u00fcllen Sie die Informationen aus, holen Sie ein Angebot ein und werden Sie unser Agent!<\/p>\n<p><img decoding=\"async\" class=\"img-fluid\" src=\"https:\/\/www.rippa.com\/wp-content\/uploads\/2025\/01\/%E6%9C%AA%E6%A0%87%E9%A2%98-5.jpg\" alt=\"Chinese Mini Excavator-Loader-Rippa Forklift-Rippa Group\" \/><\/p>","protected":false},"featured_media":1167,"parent":0,"template":"","meta":{"_acf_changed":false,"_seopress_robots_primary_cat":"none","_seopress_titles_title":"","_seopress_titles_desc":"","_seopress_robots_index":""},"categoryproduct":[22],"class_list":["post-1152","product","type-product","status-publish","has-post-thumbnail","hentry","categoryproduct-rippa-forklift"],"acf":[],"_links":{"self":[{"href":"http:\/\/rippa-machinery.com\/de\/wp-json\/wp\/v2\/product\/1152","targetHints":{"allow":["GET"]}}],"collection":[{"href":"http:\/\/rippa-machinery.com\/de\/wp-json\/wp\/v2\/product"}],"about":[{"href":"http:\/\/rippa-machinery.com\/de\/wp-json\/wp\/v2\/types\/product"}],"wp:featuredmedia":[{"embeddable":true,"href":"http:\/\/rippa-machinery.com\/de\/wp-json\/wp\/v2\/media\/1167"}],"wp:attachment":[{"href":"http:\/\/rippa-machinery.com\/de\/wp-json\/wp\/v2\/media?parent=1152"}],"wp:term":[{"taxonomy":"categoryproduct","embeddable":true,"href":"http:\/\/rippa-machinery.com\/de\/wp-json\/wp\/v2\/categoryproduct?post=1152"}],"curies":[{"name":"wp","href":"https:\/\/api.w.org\/{rel}","templated":true}]}}