
{"id":1119,"date":"2025-05-11T14:59:36","date_gmt":"2025-05-11T06:59:36","guid":{"rendered":"https:https:\/\/www.rippa-machinery.com\/\/?post_type=product&#038;p=1119"},"modified":"2025-05-11T14:46:16","modified_gmt":"2025-05-11T06:46:16","slug":"rl08-wheel-loader","status":"publish","type":"product","link":"http:\/\/rippa-machinery.com\/de\/product\/rl08-wheel-loader\/","title":{"rendered":"RL08 Radlader"},"content":{"rendered":"<p><img loading=\"lazy\" decoding=\"async\" class=\"alignnone size-full wp-image-1708 lazy loaded\" src=\"https:\/\/www.rippa.com\/wp-content\/uploads\/2024\/09\/CE.jpg\" sizes=\"auto, (max-width: 56px) 100vw, 56px\" srcset=\"https:\/\/www.rippa.com\/wp-content\/uploads\/2024\/09\/CE.jpg 56w, https:\/\/www.rippa.com\/wp-content\/uploads\/2024\/09\/CE-18x9.jpg 18w\" alt=\"\" width=\"56\" height=\"29\" data-src=\"https:\/\/www.rippa.com\/wp-content\/uploads\/2024\/09\/CE.jpg\" data-srcset=\"https:\/\/www.rippa.com\/wp-content\/uploads\/2024\/09\/CE.jpg 56w, https:\/\/www.rippa.com\/wp-content\/uploads\/2024\/09\/CE-18x9.jpg 18w\" data-sizes=\"(max-width: 56px) 100vw, 56px\" data-was-processed=\"true\" \/>\u00a0\u00a0<img loading=\"lazy\" decoding=\"async\" class=\"alignnone size-full wp-image-1710 lazy loaded\" src=\"https:\/\/www.rippa.com\/wp-content\/uploads\/2024\/09\/%E6%AC%A7%E4%BA%94.jpg\" sizes=\"auto, (max-width: 56px) 100vw, 56px\" srcset=\"https:\/\/www.rippa.com\/wp-content\/uploads\/2024\/09\/\u6b27\u4e94.jpg 56w, https:\/\/www.rippa.com\/wp-content\/uploads\/2024\/09\/\u6b27\u4e94-18x9.jpg 18w\" alt=\"\" width=\"56\" height=\"29\" data-src=\"https:\/\/www.rippa.com\/wp-content\/uploads\/2024\/09\/\u6b27\u4e94.jpg\" data-srcset=\"https:\/\/www.rippa.com\/wp-content\/uploads\/2024\/09\/\u6b27\u4e94.jpg 56w, https:\/\/www.rippa.com\/wp-content\/uploads\/2024\/09\/\u6b27\u4e94-18x9.jpg 18w\" data-sizes=\"(max-width: 56px) 100vw, 56px\" data-was-processed=\"true\" \/><\/p>\n<p>Die Vorteile des RIPPA RL08 Radladers in Bezug auf Effizienz, Kosten, Vielseitigkeit, Benutzerfreundlichkeit, Langlebigkeit und Umweltschutz tragen dazu bei, potenzielle Kunden im Exportgesch\u00e4ft zu gewinnen.<\/p>\n<p><strong>Rekrutierung globaler Agenten:<\/strong><br \/>\nODM, OEM, anpassbar<br \/>\nF\u00fcr Gro\u00dfhandelsbestellungen sind erm\u00e4\u00dfigte Preise erh\u00e4ltlich.<br \/>\nFabrikinventar und schnelle Lieferung.<br \/>\nDie Mitarbeiter des Kundendienstes sind 24 Stunden am Tag online, um Dienstleistungen anzubieten.<br \/>\nF\u00fcllen Sie die Informationen aus, holen Sie ein Angebot ein und werden Sie unser Agent!<\/p>\n<p><img decoding=\"async\" class=\"img-fluid\" src=\"https:\/\/www.rippa.com\/wp-content\/uploads\/2025\/01\/%E6%9C%AA%E6%A0%87%E9%A2%98-5.jpg\" alt=\"Chinese Mini Excavator-Loader-Rippa Forklift-Rippa Group\" \/><\/p>","protected":false},"featured_media":1322,"parent":0,"template":"","meta":{"_acf_changed":false,"_seopress_robots_primary_cat":"none","_seopress_titles_title":"","_seopress_titles_desc":"","_seopress_robots_index":""},"categoryproduct":[23],"class_list":["post-1119","product","type-product","status-publish","has-post-thumbnail","hentry","categoryproduct-wheel-loader"],"acf":[],"_links":{"self":[{"href":"http:\/\/rippa-machinery.com\/de\/wp-json\/wp\/v2\/product\/1119","targetHints":{"allow":["GET"]}}],"collection":[{"href":"http:\/\/rippa-machinery.com\/de\/wp-json\/wp\/v2\/product"}],"about":[{"href":"http:\/\/rippa-machinery.com\/de\/wp-json\/wp\/v2\/types\/product"}],"wp:featuredmedia":[{"embeddable":true,"href":"http:\/\/rippa-machinery.com\/de\/wp-json\/wp\/v2\/media\/1322"}],"wp:attachment":[{"href":"http:\/\/rippa-machinery.com\/de\/wp-json\/wp\/v2\/media?parent=1119"}],"wp:term":[{"taxonomy":"categoryproduct","embeddable":true,"href":"http:\/\/rippa-machinery.com\/de\/wp-json\/wp\/v2\/categoryproduct?post=1119"}],"curies":[{"name":"wp","href":"https:\/\/api.w.org\/{rel}","templated":true}]}}