
{"id":1079,"date":"2025-05-11T09:58:00","date_gmt":"2025-05-11T01:58:00","guid":{"rendered":"https:https:\/\/www.rippa-machinery.com\/\/?post_type=product&#038;p=1079"},"modified":"2025-05-11T14:13:05","modified_gmt":"2025-05-11T06:13:05","slug":"rf35-diesel-forklift","status":"publish","type":"product","link":"http:\/\/rippa-machinery.com\/de\/product\/rf35-diesel-forklift\/","title":{"rendered":"RF35 Diesel-Gabelstapler"},"content":{"rendered":"<p>Der RF35 Diesel-Gabelstapler hat eine hohe Leistung und Zuverl\u00e4ssigkeit und ist mit R\u00fcckspiegeln, Arbeitsscheinwerfern, verdickten T\u00fcrrahmen usw. ausgestattet, um die Sicherheit und Praktikabilit\u00e4t zu verbessern. Die stabile Struktur gew\u00e4hrleistet die Stabilit\u00e4t und Sicherheit des Gabelstaplers unter schweren Lasten. Mit seiner ausgezeichneten Leistung und Zuverl\u00e4ssigkeit ist der RF35 Diesel-Gabelstapler f\u00fcr Logistik, Lagerhaltung, Fertigung und andere Bereiche geeignet.<\/p>\n<p><strong>Rekrutierung von Agenten weltweit:<\/strong><br \/>\nODM, OEM, anpassbar<br \/>\nF\u00fcr Gro\u00dfhandelsbestellungen sind erm\u00e4\u00dfigte Preise erh\u00e4ltlich.<br \/>\nDie Hersteller haben Lagerbest\u00e4nde und liefern schnell.<br \/>\nDie Mitarbeiter des Kundensupports sind 24 Stunden am Tag online, um Dienstleistungen zu erbringen.<br \/>\nF\u00fcllen Sie die Informationen aus, holen Sie ein Angebot ein und werden Sie unser Agent!<\/p>\n<p><img decoding=\"async\" class=\"img-fluid\" src=\"https:\/\/www.rippa.com\/wp-content\/uploads\/2025\/01\/%E6%9C%AA%E6%A0%87%E9%A2%98-5.jpg\" alt=\"Chinese Mini Excavator-Loader-Rippa Forklift-Rippa Group\" \/><\/p>","protected":false},"featured_media":1280,"parent":0,"template":"","meta":{"_acf_changed":false,"_seopress_robots_primary_cat":"none","_seopress_titles_title":"","_seopress_titles_desc":"","_seopress_robots_index":""},"categoryproduct":[22],"class_list":["post-1079","product","type-product","status-publish","has-post-thumbnail","hentry","categoryproduct-rippa-forklift"],"acf":[],"_links":{"self":[{"href":"http:\/\/rippa-machinery.com\/de\/wp-json\/wp\/v2\/product\/1079","targetHints":{"allow":["GET"]}}],"collection":[{"href":"http:\/\/rippa-machinery.com\/de\/wp-json\/wp\/v2\/product"}],"about":[{"href":"http:\/\/rippa-machinery.com\/de\/wp-json\/wp\/v2\/types\/product"}],"wp:featuredmedia":[{"embeddable":true,"href":"http:\/\/rippa-machinery.com\/de\/wp-json\/wp\/v2\/media\/1280"}],"wp:attachment":[{"href":"http:\/\/rippa-machinery.com\/de\/wp-json\/wp\/v2\/media?parent=1079"}],"wp:term":[{"taxonomy":"categoryproduct","embeddable":true,"href":"http:\/\/rippa-machinery.com\/de\/wp-json\/wp\/v2\/categoryproduct?post=1079"}],"curies":[{"name":"wp","href":"https:\/\/api.w.org\/{rel}","templated":true}]}}