
{"id":1030,"date":"2025-05-11T14:28:58","date_gmt":"2025-05-11T06:28:58","guid":{"rendered":"https:https:\/\/www.rippa-machinery.com\/\/?post_type=product&#038;p=1030"},"modified":"2025-05-11T14:49:28","modified_gmt":"2025-05-11T06:49:28","slug":"electric-forklift-rf30e","status":"publish","type":"product","link":"http:\/\/rippa-machinery.com\/de\/product\/electric-forklift-rf30e\/","title":{"rendered":"Elektro-Gabelstapler RF30E"},"content":{"rendered":"<div class=\"row\">\n<div class=\"col-12 col-md-6 col-lg-6\">\n<div class=\"pro-title-box wow fadeInDownBig animated magictime animated animated\">\n<p>Das All-AC-System nutzt fortschrittliche AC-Antriebsmotoren und AC-Hydraulikmotoren, um hohe Leistung zu niedrigen Kosten zu erzielen. AC-Motoren erfordern keine Inspektion oder Austausch von Motorb\u00fcrsten oder Beh\u00e4ltern, was die gesamten routinem\u00e4\u00dfigen Wartungskosten erheblich reduziert. AC-Motoren bieten au\u00dferdem eine hohe Betriebseffizienz, eine lange Lebensdauer und eine l\u00e4ngere Betriebszeit im Vergleich zu herk\u00f6mmlichen Gleichstrommotoren. Die Energiesparfunktionen des Gabelstaplers erh\u00f6hen die F\u00e4higkeit des Gabelstaplers, l\u00e4nger zu arbeiten, ohne die Produktivit\u00e4t oder Leistung zu verringern.<\/p>\n<p><strong>Rekrutierung von Agenten weltweit:<\/strong><br \/>\nODM, OEM, anpassbar<br \/>\nF\u00fcr Gro\u00dfhandelsbestellungen sind erm\u00e4\u00dfigte Preise erh\u00e4ltlich.<br \/>\nDie Hersteller haben Lagerbest\u00e4nde und liefern schnell.<br \/>\nDie Mitarbeiter des Kundensupports sind 24 Stunden am Tag online, um Dienstleistungen zu erbringen.<br \/>\nF\u00fcllen Sie die Informationen aus, holen Sie ein Angebot ein und werden Sie unser Agent!<\/p>\n<p><img decoding=\"async\" class=\"img-fluid\" src=\"https:\/\/www.rippa.com\/wp-content\/uploads\/2025\/01\/%E6%9C%AA%E6%A0%87%E9%A2%98-5.jpg\" alt=\"Chinese Mini Excavator-Loader-Rippa Forklift-Rippa Group\" \/><\/p>\n<\/div>\n<\/div>\n<\/div>\n<div class=\"product-parameters wow fadeInUp animated magictime animated animated\">\n<ul>\n<li class=\"myVideo\" data-bs-target=\"#exampleModalToggle\" data-bs-toggle=\"modal\">Video-Demonstration<\/li>\n<\/ul>\n<\/div>","protected":false},"featured_media":1276,"parent":0,"template":"","meta":{"_acf_changed":false,"_seopress_robots_primary_cat":"none","_seopress_titles_title":"","_seopress_titles_desc":"","_seopress_robots_index":""},"categoryproduct":[22],"class_list":["post-1030","product","type-product","status-publish","has-post-thumbnail","hentry","categoryproduct-rippa-forklift"],"acf":[],"_links":{"self":[{"href":"http:\/\/rippa-machinery.com\/de\/wp-json\/wp\/v2\/product\/1030","targetHints":{"allow":["GET"]}}],"collection":[{"href":"http:\/\/rippa-machinery.com\/de\/wp-json\/wp\/v2\/product"}],"about":[{"href":"http:\/\/rippa-machinery.com\/de\/wp-json\/wp\/v2\/types\/product"}],"wp:featuredmedia":[{"embeddable":true,"href":"http:\/\/rippa-machinery.com\/de\/wp-json\/wp\/v2\/media\/1276"}],"wp:attachment":[{"href":"http:\/\/rippa-machinery.com\/de\/wp-json\/wp\/v2\/media?parent=1030"}],"wp:term":[{"taxonomy":"categoryproduct","embeddable":true,"href":"http:\/\/rippa-machinery.com\/de\/wp-json\/wp\/v2\/categoryproduct?post=1030"}],"curies":[{"name":"wp","href":"https:\/\/api.w.org\/{rel}","templated":true}]}}