
{"id":1015,"date":"2025-05-11T09:04:47","date_gmt":"2025-05-11T01:04:47","guid":{"rendered":"https:https:\/\/www.rippa-machinery.com\/\/?post_type=product&#038;p=1015"},"modified":"2025-05-11T14:11:36","modified_gmt":"2025-05-11T06:11:36","slug":"electric-forklift-rf35e","status":"publish","type":"product","link":"http:\/\/rippa-machinery.com\/de\/product\/electric-forklift-rf35e\/","title":{"rendered":"Elektro-Gabelstapler RF35E"},"content":{"rendered":"<p>Der RF35E wurde mit Blick auf den Komfort und die Bequemlichkeit des Bedieners entwickelt, was ihn in industriellen Arbeitsumgebungen noch vorteilhafter macht. Die breiten, strukturierten Armlehnen bieten guten Halt und Grip und tragen dazu bei, die Erm\u00fcdung bei langen Arbeitszeiten zu verringern. Gleichzeitig erm\u00f6glichen die tiefen, rutschfesten Stufen einen sicheren Ein- und Ausstieg, was die Rutschgefahr verringert und die Arbeitssicherheit erh\u00f6ht.<\/p>\n<p><strong>Rekrutierung von Agenten weltweit:<\/strong><br \/>\nODM, OEM, anpassbar<br \/>\nF\u00fcr Gro\u00dfhandelsbestellungen sind erm\u00e4\u00dfigte Preise erh\u00e4ltlich.<br \/>\nDie Hersteller haben Lagerbest\u00e4nde und liefern schnell.<br \/>\nDie Mitarbeiter des Kundensupports sind 24 Stunden am Tag online, um Dienstleistungen zu erbringen.<br \/>\nF\u00fcllen Sie die Informationen aus, holen Sie ein Angebot ein und werden Sie unser Agent!<\/p>\n<p><img decoding=\"async\" class=\"img-fluid\" src=\"https:\/\/www.rippa.com\/wp-content\/uploads\/2025\/01\/%E6%9C%AA%E6%A0%87%E9%A2%98-5.jpg\" alt=\"Chinese Mini Excavator-Loader-Rippa Forklift-Rippa Group\" \/><\/p>","protected":false},"featured_media":1279,"parent":0,"template":"","meta":{"_acf_changed":false,"_seopress_robots_primary_cat":"none","_seopress_titles_title":"Electric forklift RF35E RIPPA machinery Group","_seopress_titles_desc":"","_seopress_robots_index":""},"categoryproduct":[22],"class_list":["post-1015","product","type-product","status-publish","has-post-thumbnail","hentry","categoryproduct-rippa-forklift"],"acf":[],"_links":{"self":[{"href":"http:\/\/rippa-machinery.com\/de\/wp-json\/wp\/v2\/product\/1015","targetHints":{"allow":["GET"]}}],"collection":[{"href":"http:\/\/rippa-machinery.com\/de\/wp-json\/wp\/v2\/product"}],"about":[{"href":"http:\/\/rippa-machinery.com\/de\/wp-json\/wp\/v2\/types\/product"}],"wp:featuredmedia":[{"embeddable":true,"href":"http:\/\/rippa-machinery.com\/de\/wp-json\/wp\/v2\/media\/1279"}],"wp:attachment":[{"href":"http:\/\/rippa-machinery.com\/de\/wp-json\/wp\/v2\/media?parent=1015"}],"wp:term":[{"taxonomy":"categoryproduct","embeddable":true,"href":"http:\/\/rippa-machinery.com\/de\/wp-json\/wp\/v2\/categoryproduct?post=1015"}],"curies":[{"name":"wp","href":"https:\/\/api.w.org\/{rel}","templated":true}]}}