
{"id":1546,"date":"2025-12-19T09:41:00","date_gmt":"2025-12-19T01:41:00","guid":{"rendered":"https:\/\/www.rippa-machinery.com\/?page_id=1546"},"modified":"2025-12-19T09:44:01","modified_gmt":"2025-12-19T01:44:01","slug":"about-us","status":"publish","type":"page","link":"http:\/\/rippa-machinery.com\/de\/about-us\/","title":{"rendered":"\u00dcber uns"},"content":{"rendered":"<p>Die Shandong Rippa Machinery Group Co. Ltd. befindet sich im sechsten Industriepark der High-Tech-Zone Jining in der Provinz Shandong. Es handelt sich um ein staatliches High-Tech-Unternehmen mit dem Recht, zu importieren und zu exportieren; das Werk erstreckt sich \u00fcber eine Fl\u00e4che von 100000 Quadratmetern. Es hat 11 Tochtergesellschaften, von denen jede \u00fcber eine unabh\u00e4ngige Buchhaltung verf\u00fcgt.<\/p>\n<p>Das Unternehmen besch\u00e4ftigt 209 Mitarbeiter, darunter 50 professionelle Ingenieure und Techniker, 8 leitende Ingenieure und 30 leitende Techniker. Das Unternehmen ist nach dem Qualit\u00e4tsmanagementsystem ISO 9001, dem EU-Qualit\u00e4tszertifikat CE, dem Euro-5-Abgaszertifikat, dem EPA-Abgaszertifikat und dem australischen \u00dcberrollzertifikat f\u00fcr Kabinen zertifiziert; die Produkte des Unternehmens verkaufen sich gut auf den in- und ausl\u00e4ndischen M\u00e4rkten. Es hat in vielen Provinzen und Regionen Chinas Servicestellen eingerichtet, die einen Kundendienst von Haus zu Haus anbieten.<\/p>","protected":false},"excerpt":{"rendered":"<p>Shandong Rippa Machinery Group Co., Ltd. is located in the Sixth Industrial Park, Jining high tech Zone, Shandong Province. It is a state-level high-tech enterprise with the right to import and export;The plant covers an area of 100000 square meters. It has 11 subsidiaries, each of which has independent accounting. There are 209 employees, including [&hellip;]<\/p>","protected":false},"author":1,"featured_media":347,"parent":0,"menu_order":0,"comment_status":"closed","ping_status":"closed","template":"about.php","meta":{"_acf_changed":false,"_seopress_robots_primary_cat":"","_seopress_titles_title":"","_seopress_titles_desc":"","_seopress_robots_index":"","footnotes":""},"class_list":["post-1546","page","type-page","status-publish","has-post-thumbnail","hentry"],"acf":[],"_links":{"self":[{"href":"http:\/\/rippa-machinery.com\/de\/wp-json\/wp\/v2\/pages\/1546","targetHints":{"allow":["GET"]}}],"collection":[{"href":"http:\/\/rippa-machinery.com\/de\/wp-json\/wp\/v2\/pages"}],"about":[{"href":"http:\/\/rippa-machinery.com\/de\/wp-json\/wp\/v2\/types\/page"}],"author":[{"embeddable":true,"href":"http:\/\/rippa-machinery.com\/de\/wp-json\/wp\/v2\/users\/1"}],"replies":[{"embeddable":true,"href":"http:\/\/rippa-machinery.com\/de\/wp-json\/wp\/v2\/comments?post=1546"}],"version-history":[{"count":3,"href":"http:\/\/rippa-machinery.com\/de\/wp-json\/wp\/v2\/pages\/1546\/revisions"}],"predecessor-version":[{"id":1554,"href":"http:\/\/rippa-machinery.com\/de\/wp-json\/wp\/v2\/pages\/1546\/revisions\/1554"}],"wp:featuredmedia":[{"embeddable":true,"href":"http:\/\/rippa-machinery.com\/de\/wp-json\/wp\/v2\/media\/347"}],"wp:attachment":[{"href":"http:\/\/rippa-machinery.com\/de\/wp-json\/wp\/v2\/media?parent=1546"}],"curies":[{"name":"wp","href":"https:\/\/api.w.org\/{rel}","templated":true}]}}